{"id":7256,"date":"2022-06-08T07:35:23","date_gmt":"2022-06-08T07:35:23","guid":{"rendered":"https:\/\/www.luxuryhouse-vodice.com\/?page_id=7256"},"modified":"2024-04-29T10:58:56","modified_gmt":"2024-04-29T10:58:56","slug":"pravila-kolacici","status":"publish","type":"page","link":"https:\/\/www.luxuryhouse-vodice.com\/en\/pravila-kolacici\/","title":{"rendered":"Cookie policy"},"content":{"rendered":"<div data-elementor-type=\"wp-page\" data-elementor-id=\"7256\" class=\"elementor elementor-7256\">\n\t\t\t\t\t\t\t\t\t<section class=\"elementor-section elementor-top-section elementor-element elementor-element-19f0564d elementor-section-stretched elementor-section-content-middle elementor-section-boxed elementor-section-height-default elementor-section-height-default\" data-id=\"19f0564d\" data-element_type=\"section\" data-settings=\"{&quot;stretch_section&quot;:&quot;section-stretched&quot;,&quot;background_background&quot;:&quot;classic&quot;}\">\n\t\t\t\t\t\t\t<div class=\"elementor-background-overlay\"><\/div>\n\t\t\t\t\t\t\t<div class=\"elementor-container elementor-column-gap-default\">\n\t\t\t\t\t<div class=\"elementor-column elementor-col-100 elementor-top-column elementor-element elementor-element-48560947\" data-id=\"48560947\" data-element_type=\"column\">\n\t\t\t<div class=\"elementor-widget-wrap elementor-element-populated\">\n\t\t\t\t\t\t\t\t<div class=\"elementor-element elementor-element-2fe78229 elementor-widget elementor-widget-heading\" data-id=\"2fe78229\" data-element_type=\"widget\" data-widget_type=\"heading.default\">\n\t\t\t\t<div class=\"elementor-widget-container\">\n\t\t\t<style>\/*! elementor - v3.6.1 - 23-03-2022 *\/\n.elementor-heading-title{padding:0;margin:0;line-height:1}.elementor-widget-heading .elementor-heading-title[class*=elementor-size-]>a{color:inherit;font-size:inherit;line-height:inherit}.elementor-widget-heading .elementor-heading-title.elementor-size-small{font-size:15px}.elementor-widget-heading .elementor-heading-title.elementor-size-medium{font-size:19px}.elementor-widget-heading .elementor-heading-title.elementor-size-large{font-size:29px}.elementor-widget-heading .elementor-heading-title.elementor-size-xl{font-size:39px}.elementor-widget-heading .elementor-heading-title.elementor-size-xxl{font-size:59px}<\/style><h2 class=\"elementor-heading-title elementor-size-default\">Cookie policy<\/h2>\t\t<\/div>\n\t\t\t\t<\/div>\n\t\t\t\t\t<\/div>\n\t\t<\/div>\n\t\t\t\t\t\t\t<\/div>\n\t\t<\/section>\n\t\t\t\t<section class=\"elementor-section elementor-top-section elementor-element elementor-element-97fa812 elementor-section-boxed elementor-section-height-default elementor-section-height-default\" data-id=\"97fa812\" data-element_type=\"section\">\n\t\t\t\t\t\t<div class=\"elementor-container elementor-column-gap-default\">\n\t\t\t\t\t<div class=\"elementor-column elementor-col-100 elementor-top-column elementor-element elementor-element-8b61223\" data-id=\"8b61223\" data-element_type=\"column\">\n\t\t\t<div class=\"elementor-widget-wrap elementor-element-populated\">\n\t\t\t\t\t\t\t\t<div class=\"elementor-element elementor-element-428d847 elementor-widget elementor-widget-spacer\" data-id=\"428d847\" data-element_type=\"widget\" data-widget_type=\"spacer.default\">\n\t\t\t\t<div class=\"elementor-widget-container\">\n\t\t\t<style>\/*! elementor - v3.6.1 - 23-03-2022 *\/\n.e-container.e-container--row .elementor-spacer-inner{width:var(--spacer-size)}.e-container.e-container--column .elementor-spacer-inner,.elementor-column .elementor-spacer-inner{height:var(--spacer-size)}<\/style>\t\t<div class=\"elementor-spacer\">\n\t\t\t<div class=\"elementor-spacer-inner\"><\/div>\n\t\t<\/div>\n\t\t\t\t<\/div>\n\t\t\t\t<\/div>\n\t\t\t\t\t<\/div>\n\t\t<\/div>\n\t\t\t\t\t\t\t<\/div>\n\t\t<\/section>\n\t\t\t\t<section class=\"elementor-section elementor-top-section elementor-element elementor-element-59241a66 elementor-section-boxed elementor-section-height-default elementor-section-height-default\" data-id=\"59241a66\" data-element_type=\"section\">\n\t\t\t\t\t\t<div class=\"elementor-container elementor-column-gap-default\">\n\t\t\t\t\t<div class=\"elementor-column elementor-col-100 elementor-top-column elementor-element elementor-element-6219a714\" data-id=\"6219a714\" data-element_type=\"column\">\n\t\t\t<div class=\"elementor-widget-wrap elementor-element-populated\">\n\t\t\t\t\t\t\t\t<div class=\"elementor-element elementor-element-54dbe553 elementor-widget elementor-widget-text-editor\" data-id=\"54dbe553\" data-element_type=\"widget\" data-widget_type=\"text-editor.default\">\n\t\t\t\t<div class=\"elementor-widget-container\">\n\t\t\t<style>\/*! elementor - v3.6.1 - 23-03-2022 *\/\n.elementor-widget-text-editor.elementor-drop-cap-view-stacked .elementor-drop-cap{background-color:#818a91;color:#fff}.elementor-widget-text-editor.elementor-drop-cap-view-framed .elementor-drop-cap{color:#818a91;border:3px solid;background-color:transparent}.elementor-widget-text-editor:not(.elementor-drop-cap-view-default) .elementor-drop-cap{margin-top:8px}.elementor-widget-text-editor:not(.elementor-drop-cap-view-default) .elementor-drop-cap-letter{width:1em;height:1em}.elementor-widget-text-editor .elementor-drop-cap{float:left;text-align:center;line-height:1;font-size:50px}.elementor-widget-text-editor .elementor-drop-cap-letter{display:inline-block}<\/style>\t\t\t\t<ul><li class=\"CookieDeclarationDialogText\">This website uses cookies. We use cookies to personalize content and ads, enable social media features, and analyze traffic. We may share information about your use of our website with external partners for marketing purposes.<\/li><li class=\"CookieDeclarationIntro\">Cookies are small text files used by websites to improve the user experience.<\/li><li>The law allows cookies to be stored on your device if they are specifically required for the operation of the site. We need your permission for all other types of cookies.<\/li><li>These pages use different types of cookies, some of which are set by third-party services for marketing purposes and analytical data about the user experience of our website.<\/li><li>You can change or withdraw your consent to the Cookie Statement on our website at any time.<\/li><li>Find out more about who we are, how you can contact us and how we process your personal data in our Privacy Policy.<\/li><li><strong>Cookies by function<\/strong><\/li><li><strong>Technical cookies - mandatory cookies<\/strong><\/li><li>(always active) \u2013 necessary for the functioning of the Internet site and cannot be turned off in our systems. They are typically set in response to your actions involving a request for services, such as cookie settings, logging in, or filling out forms. You can set your browser to block these cookies or send a warning about them, but in this case some parts of the site will not work. These cookies do not store any information that could identify you.<\/li><li><strong>Functional cookies<\/strong><\/li><li>(can be turned off) \u2013 enable the website to provide improved functionality and personalization. They may be set by us or by third-party service providers whose services have been added to our sites. If you do not enable these cookies, some of these functions may not function properly.<\/li><li><strong>Marketing cookies<\/strong><\/li><li>(can be turned off) \u2013 enable recording of visits and traffic sources so that we can measure and improve the effectiveness of our website. They help us find out which pages are the most and least popular and see how visitors navigate the site. All information collected by these cookies is accumulated and therefore remains anonymous. If you do not enable these cookies, we will not know when you visited our site and will not be able to monitor its effectiveness. They do not directly store personal settings, but are based on the unique identification of your browser and internet device. If you do not enable these cookies, you will experience less targeted advertising.<\/li><\/ul>\t\t\t\t\t\t<\/div>\n\t\t\t\t<\/div>\n\t\t\t\t\t<\/div>\n\t\t<\/div>\n\t\t\t\t\t\t\t<\/div>\n\t\t<\/section>\n\t\t\t\t<section class=\"elementor-section elementor-top-section elementor-element elementor-element-f2a4255 elementor-section-boxed elementor-section-height-default elementor-section-height-default\" data-id=\"f2a4255\" data-element_type=\"section\">\n\t\t\t\t\t\t<div class=\"elementor-container elementor-column-gap-default\">\n\t\t\t\t\t<div class=\"elementor-column elementor-col-100 elementor-top-column elementor-element elementor-element-8bafe07\" data-id=\"8bafe07\" data-element_type=\"column\">\n\t\t\t<div class=\"elementor-widget-wrap elementor-element-populated\">\n\t\t\t\t\t\t\t\t<div class=\"elementor-element elementor-element-1532bb9 elementor-widget elementor-widget-spacer\" data-id=\"1532bb9\" data-element_type=\"widget\" data-widget_type=\"spacer.default\">\n\t\t\t\t<div class=\"elementor-widget-container\">\n\t\t\t\t\t<div class=\"elementor-spacer\">\n\t\t\t<div class=\"elementor-spacer-inner\"><\/div>\n\t\t<\/div>\n\t\t\t\t<\/div>\n\t\t\t\t<\/div>\n\t\t\t\t\t<\/div>\n\t\t<\/div>\n\t\t\t\t\t\t\t<\/div>\n\t\t<\/section>\n\t\t\t\t\t\t\t<\/div>","protected":false},"excerpt":{"rendered":"<p>Pravila o kori\u0161tenju kola\u010di\u0107a Ova web-stranica koristi kola\u010di\u0107e. Kola\u010di\u0107e upotrebljavamo kako bismo personalizirali sadr\u017eaj i oglase, omogu\u0107ili zna\u010dajke dru\u0161tvenih medija i analizirali promet. Podatke o va\u0161oj upotrebi na\u0161e web-lokacije mo\u017eemo dijeliti s vanjskim partnerima u marketin\u0161ke svrhe. Kola\u010di\u0107i su male tekstualne datoteke kojima se koriste internetske stranice kako bi unaprijedile korisni\u010dko iskustvo. Zakon dopu\u0161ta spremanje [&hellip;]<\/p>","protected":false},"author":1,"featured_media":0,"parent":0,"menu_order":0,"comment_status":"closed","ping_status":"open","template":"","meta":{"_seopress_robots_primary_cat":"","footnotes":""},"_links":{"self":[{"href":"https:\/\/www.luxuryhouse-vodice.com\/en\/wp-json\/wp\/v2\/pages\/7256"}],"collection":[{"href":"https:\/\/www.luxuryhouse-vodice.com\/en\/wp-json\/wp\/v2\/pages"}],"about":[{"href":"https:\/\/www.luxuryhouse-vodice.com\/en\/wp-json\/wp\/v2\/types\/page"}],"author":[{"embeddable":true,"href":"https:\/\/www.luxuryhouse-vodice.com\/en\/wp-json\/wp\/v2\/users\/1"}],"replies":[{"embeddable":true,"href":"https:\/\/www.luxuryhouse-vodice.com\/en\/wp-json\/wp\/v2\/comments?post=7256"}],"version-history":[{"count":10,"href":"https:\/\/www.luxuryhouse-vodice.com\/en\/wp-json\/wp\/v2\/pages\/7256\/revisions"}],"predecessor-version":[{"id":8178,"href":"https:\/\/www.luxuryhouse-vodice.com\/en\/wp-json\/wp\/v2\/pages\/7256\/revisions\/8178"}],"wp:attachment":[{"href":"https:\/\/www.luxuryhouse-vodice.com\/en\/wp-json\/wp\/v2\/media?parent=7256"}],"curies":[{"name":"wp","href":"https:\/\/api.w.org\/{rel}","templated":true}]}}